{"id":100,"date":"2020-11-08T15:37:21","date_gmt":"2020-11-08T14:37:21","guid":{"rendered":"https:\/\/triptofun.it\/?page_id=100"},"modified":"2020-11-08T15:40:52","modified_gmt":"2020-11-08T14:40:52","slug":"about-me","status":"publish","type":"page","link":"https:\/\/triptofun.it\/index.php\/about-me\/","title":{"rendered":"About Me"},"content":{"rendered":"\n<p class=\"justify has-background\" style=\"font-size:18px;background-color:#ffffff\">Ogni tot anni la pagina di presentazione necessita di aggiornamenti, ma non ho mai il coraggio di cancellare quelle vecchie.<br>Vediamo se nel 2020 riesco a essere sintetica.<br><br><strong>Chi sono?<\/strong><br>Mi chiamo Michela, sono nata e vivo a Torino, ho una maturit\u00e0 classica, una laurea in Medicina e lavoro al pronto soccorso di un grande ospedale della mia citt\u00e0.Amo leggere, scrivo da quando ho appreso a tenere una penna in mano e ci\u00f2 che potete leggere qui non \u00e8 che una minima percentuale delle pagine che affollano taccuini, quaderni e fogli sparsi per casa.<br><br><strong>Perch\u00e9 TripToFun?<\/strong><br>Il triptofano \u00e8 un aminoacido essenziale (cio\u00e8 non sintetizzabile dall&#8217;organismo) da cui deriva, tra le altre cose, la serotonina, o ormone della felicit\u00e0. Il gioco di parole tra felicit\u00e0 e divertimento in inglese sembrava molto arguto quando studiavo biochimica nel 2007.<br><br><strong>Disclaimer<\/strong><br>I nomi e i dettagli clinici e personali dei pazienti inclusi nei racconti sono stati modificati per tutelarne la privacy. Chi dovesse riconoscersi nelle descrizioni deve pertanto attribuire tale circostanza al caso.<\/p>\n\n\n\n<p class=\"justify has-background\" style=\"font-size:18px;background-color:#ffffff\">Presentazione del 2016<br><br>Sono su internet dal 2007. Fa strano a pensarci, ma nove anni nel metro della tecnologia sono ere geologiche.<br>Se risaliamo di un&#8217;altra decade (al 1997 cio\u00e8) scopriamo che Google non esisteva, il motore di ricerca pi\u00f9 popolare era Altavista, i siti internet erano circa 100.000 (nel 2008 saranno 160 milioni, tra cui il mio) e non esisteva neanche ancora il modem a 56 k.<br>Nel 2007 a casa mia l&#8217;ADSL era appena arrivata (s\u00ec, siamo sempre stati un po&#8217; tardi a recepire le novit\u00e0 tecnologiche), Facebook non si era diffuso e predominava MSN.<br>Qui lascio uno spazio lacrimuccia per chi sulla chat di MSN ha vissuto amicizie e amori, spesso finiti per via degli status personalizzati, ha ingannato gli amici stando sempre su &#8220;invisibile&#8221;, ha scoperto nuovi artisti con la funzione &#8220;sta ascoltando adesso&#8230;&#8221; e nonostante tutti i WhatsApp, FaceBook Messenger e Telegram ancora sente la mancanza dell&#8217;emoticon che si spancia dal ridere battendo i piedi per terra.<br>Lo ridico per chi non avesse colto: nel 2007 FaceBook non esisteva, o meglio, non si era ancora diffuso in Italia: quando mi ci sono iscritta, nel 2008, gli utenti italiani erano pochissimi al punto che la descrizione personale l&#8217;avevo scritta in inglese.<br>YouTube esisteva da appena due anni e non se lo filava nessuno.<br>E poi nel 2007 non esistevano gli smartphone. Il primo iPhone \u00e8 del 2008 ed era cosa per ricchi, ricchissimi. Non come ora che anche alle elementari hanno almeno un lumia o un Samsung versione sfigata.<br>MSN oltre alla piattaforma Chat offriva una cosa chiamata &#8220;spazi&#8221;, la versione per poveri di MySpace (che a sua volta per chi non lo sapesse era una specie di FaceBook ante litteram, in cui tutti i gruppi musicali avevano una loro pagina). In questi spazi si potevano caricare fotografie e scrivere cose, pi\u00f9 o meno come un blog, ma senza dover programmare e con pi\u00f9 gif sberluccicose e all&#8217;avanguardia (s\u00ec, nel 2007 le gif erano all&#8217;avanguardia).<br>Va da s\u00e8 che un sito internet del 2007 ora sembri preistorico.<br>Poich\u00e9 per\u00f2 ora non ho il tempo che avevo al primo anno di universit\u00e0, e neanche la voglia di imparare un nuovo linguaggio di programmazione o il desiderio di spendere per acquistare un pacchetto con un editor di siti moderno, ho deciso che posso farmi bastare il blog.<br>Il vecchio sito \u00e8 ancora on-line, con la stessa grafica desueta degli esordi e lo potete raggiungere dal pulsante sotto il logo Mikipedia. Gli scritti meritevoli sono comunque stati integrati nel blog con la data appropriata.<br>Le duecento parole di cui sopra per allungare la broda ed evitare quello che invece sarebbe lo scopo di questa pagina: descrivermi. Odio questo tema fin dalle elementari, ma cerchiamo di toglierci il dente.<br>Torinese, quasi trent&#8217;anni, quasi internista (\u00e8 un tipo di medico, chi non sa cosa sia veda&nbsp;<a href=\"http:\/\/triptofun.blogspot.it\/2013\/10\/medicina-interna-for-dummies.html\">qui<\/a>), quasi normale (molto quasi). Un&#8217;insana passione per De Andr\u00e9, le neuroscienze, la fotografia.<br>Vi lascio, pi\u00f9 perch\u00e9 fa tenerezza a me che per utilit\u00e0 effettiva, la mia descrizione del 2007:<\/p>\n\n\n\n<blockquote class=\"wp-block-quote justify\"><p><em>Agosto 2007<br><br>Salve a tutti, mi chiamo Michela, sono nata e vivo a Torino dove ho appena finito il primo anno di Medicina. E&#8217; proprio grazie a questo primo anno di universit\u00e0 che ora posso finalmente presentarvi il mio sito! Comunicare con molte persone \u00e8 difficile e pian piano, risolvendo i problemi quotidiani le mie capacit\u00e0 informatiche si sono affinate finch\u00e9 ho imparato a programmare tutto da sola. Quanto vedete, nel bene e nel male, \u00e8 frutto del mio apprendimento da autodidatta del linguaggio HTML. Da tempo gli spazi msn mi stavano stretti, con le loro poche possibilit\u00e0 di personalizzazione, ma ora finalmente posso mettere foto dove pi\u00f9 mi piace e soprattutto allegare file!! Per questo motivo ho deciso di spulciare le mie vecchie cartelle di documenti riesumando schemi, bigliettini, compiti, relazioni, tesine e appunti dalle medie all&#8217;universit\u00e0 per chi ne avesse bisogno. Ma questo sito non contiene solo materiali utili, ho voluto che mi rappresentasse anche in tutto il resto: le sezioni non seguono quindi un percorso particolare, ma spaziano nell&#8217;ambito dei miei interessi e delle mie passioni. Per chi infine si interrogasse a riguardo del mio soprannome sappia che \u00e8 nato quasi per caso studiando biochimica strutturale (per somiglianza fonetica con un certo aminoacido, quello della barra di intestazione), ma \u00e8 poi diventato simbolo di un desiderio di follia e divertimento che va con e oltre lo studio.<br><br>quindi se siete pronti&#8230; che il viaggio nel divertimento abbia inizio!<\/em><\/p><\/blockquote>\n","protected":false},"excerpt":{"rendered":"<p>Ogni tot anni la pagina di presentazione necessita di aggiornamenti, ma non ho mai il coraggio di cancellare quelle vecchie.Vediamo se nel 2020 riesco a essere sintetica. Chi sono?Mi chiamo Michela, sono nata e vivo a Torino, ho una maturit\u00e0 classica, una laurea in Medicina e lavoro al pronto soccorso [&hellip;]<\/p>\n","protected":false},"author":1,"featured_media":11,"parent":0,"menu_order":0,"comment_status":"closed","ping_status":"closed","template":"","meta":[],"_links":{"self":[{"href":"https:\/\/triptofun.it\/index.php\/wp-json\/wp\/v2\/pages\/100"}],"collection":[{"href":"https:\/\/triptofun.it\/index.php\/wp-json\/wp\/v2\/pages"}],"about":[{"href":"https:\/\/triptofun.it\/index.php\/wp-json\/wp\/v2\/types\/page"}],"author":[{"embeddable":true,"href":"https:\/\/triptofun.it\/index.php\/wp-json\/wp\/v2\/users\/1"}],"replies":[{"embeddable":true,"href":"https:\/\/triptofun.it\/index.php\/wp-json\/wp\/v2\/comments?post=100"}],"version-history":[{"count":2,"href":"https:\/\/triptofun.it\/index.php\/wp-json\/wp\/v2\/pages\/100\/revisions"}],"predecessor-version":[{"id":106,"href":"https:\/\/triptofun.it\/index.php\/wp-json\/wp\/v2\/pages\/100\/revisions\/106"}],"wp:featuredmedia":[{"embeddable":true,"href":"https:\/\/triptofun.it\/index.php\/wp-json\/wp\/v2\/media\/11"}],"wp:attachment":[{"href":"https:\/\/triptofun.it\/index.php\/wp-json\/wp\/v2\/media?parent=100"}],"curies":[{"name":"wp","href":"https:\/\/api.w.org\/{rel}","templated":true}]}}